{"id":9045,"date":"2020-10-31T17:03:58","date_gmt":"2020-10-31T16:03:58","guid":{"rendered":"https:\/\/immobiliaruit.com\/bewertungen\/"},"modified":"2023-05-05T11:03:15","modified_gmt":"2023-05-05T09:03:15","slug":"bewertungen","status":"publish","type":"page","link":"https:\/\/immobiliaruit.com\/de\/bewertungen\/","title":{"rendered":"Bewertungen"},"content":{"rendered":"<div dir=\"auto\">\n<h1 class=\"gmql0nx0 l94mrbxd p1ri9a11 lzcic4wl bp9cbjyn j83agx80\" dir=\"auto\"><\/h1>\n<\/div>\n<div dir=\"auto\">\n<h1 class=\"gmql0nx0 l94mrbxd p1ri9a11 lzcic4wl bp9cbjyn j83agx80\" dir=\"auto\">  <img loading=\"lazy\" decoding=\"async\" class=\"alignnone wp-image-4895\" src=\"https:\/\/immobiliaruit.com\/wp-content\/uploads\/2021\/05\/164077427_441078396978075_4502082727460111365_n-e1620244737881-225x300.jpg\" alt=\"\" width=\"71\" height=\"94\" srcset=\"https:\/\/immobiliaruit.com\/wp-content\/uploads\/2021\/05\/164077427_441078396978075_4502082727460111365_n-e1620244737881-225x300.jpg 225w, https:\/\/immobiliaruit.com\/wp-content\/uploads\/2021\/05\/164077427_441078396978075_4502082727460111365_n-e1620244737881-190x250.jpg 190w, https:\/\/immobiliaruit.com\/wp-content\/uploads\/2021\/05\/164077427_441078396978075_4502082727460111365_n-e1620244737881-900x1200.jpg?crop=1 900w, https:\/\/immobiliaruit.com\/wp-content\/uploads\/2021\/05\/164077427_441078396978075_4502082727460111365_n-e1620244737881-600x800.jpg?crop=1 600w, https:\/\/immobiliaruit.com\/wp-content\/uploads\/2021\/05\/164077427_441078396978075_4502082727460111365_n-e1620244737881-300x400.jpg?crop=1 300w, https:\/\/immobiliaruit.com\/wp-content\/uploads\/2021\/05\/164077427_441078396978075_4502082727460111365_n-e1620244737881-150x200.jpg?crop=1 150w, https:\/\/immobiliaruit.com\/wp-content\/uploads\/2021\/05\/164077427_441078396978075_4502082727460111365_n-e1620244737881.jpg 250w\" sizes=\"auto, (max-width: 71px) 100vw, 71px\" \/>  Alexandra Ishutina<\/h1>\n<p>Ich m\u00f6chte NSLimmobiliare f\u00fcr ihr hohes Ma\u00df an Professionalit\u00e4t, Aufmerksamkeit, Reaktionsf\u00e4higkeit und unseren herzlichen Dank an Paolo und Nadezhda Salaris danken, sie haben uns sehr geholfen, eine Villa in Orozea zu kaufen. Seit zwei Jahren suchen wir eine Villa auf Sardinien, die Agenturen, die wir kontaktiert haben, sprachen kein Russisch, nur Italienisch oder schlechtes Englisch, die Villen, die wir gezeigt haben, entsprachen nicht den Dokumenten und architektonischen Pl\u00e4nen, als wir fragten, warum, sagten sie, dass sie nicht legalisiert werden k\u00f6nnen, die Argumente der Immobilienmakler haben wir nicht verstanden, zeigten Villen \u00fcber unserem Budget, obwohl wir unser Budget von 500.000 \u20ac angegeben haben. Schlie\u00dflich beschlossen wir, nicht zu kaufen und gaben die Idee auf. Ich rief sofort an, und Nadezhda antwortete mit ihrer ruhigen, zuversichtlichen Stimme und zerstreute all meine Zweifel, und ich erhielt eine professionelle Beratung. Wir haben sofort eine Vollmacht f\u00fcr Paolo unterschrieben und die Transaktion hat genau so stattgefunden, wie auf der Website beschrieben. Herzlichen Dank f\u00fcr Ihre Arbeit und Ihre Geduld mit unseren Anforderungen!<\/p>\n<\/div>\n<div dir=\"auto\"><a class=\"oajrlxb2 g5ia77u1 qu0x051f esr5mh6w e9989ue4 r7d6kgcz rq0escxv nhd2j8a9 nc684nl6 p7hjln8o kvgmc6g5 cxmmr5t8 oygrvhab hcukyx3x jb3vyjys rz4wbd8a qt6c0cv9 a8nywdso i1ao9s8h esuyzwwr f1sip0of lzcic4wl py34i1dx gpro0wi8\" tabindex=\"0\" role=\"link\" href=\"https:\/\/immobiliaruit.com\/listing%20title\/prodaetsya-villa-cala-liberotto\/?fbclid=IwAR1sWX3-C5GH7laUSTVHWlpmMFXvwFS6xXvAB-NGG92UJitkYbQB7o9AvAw\" target=\"_blank\" rel=\"nofollow noopener\">https:\/\/immobiliaruit.com\/&#8230;\/prodaetsya-villa-cala&#8230;\/<\/a><\/div>\n<div dir=\"auto\">Ich danke Ihnen f\u00fcr Ihr hohes Ma\u00df an Professionalit\u00e4t.<\/div>\n","protected":false},"excerpt":{"rendered":"<p>Alexandra Ishutina Ich m\u00f6chte NSLimmobiliare f\u00fcr ihr hohes Ma\u00df an Professionalit\u00e4t, Aufmerksamkeit, Reaktionsf\u00e4higkeit und unseren herzlichen Dank an Paolo und &hellip; <\/p>\n","protected":false},"author":143901932,"featured_media":0,"parent":0,"menu_order":0,"comment_status":"closed","ping_status":"closed","template":"","meta":{"_coblocks_attr":"","_coblocks_dimensions":"","_coblocks_responsive_height":"","_coblocks_accordion_ie_support":"","_crdt_document":"","two_page_speed":[],"footnotes":""},"class_list":["post-9045","page","type-page","status-publish","hentry"],"yoast_head":"<!-- This site is optimized with the Yoast SEO plugin v27.4 - https:\/\/yoast.com\/product\/yoast-seo-wordpress\/ -->\n<title>NSLimmobiliare%%-%%%Bewertungen<\/title>\n<meta name=\"description\" content=\"Ich m\u00f6chte mich bei NSLimmobiliare f\u00fcr ihre Professionalit\u00e4t, Aufmerksamkeit und Reaktionsf\u00e4higkeit bedanken.\" \/>\n<meta name=\"robots\" content=\"index, follow, max-snippet:-1, max-image-preview:large, max-video-preview:-1\" \/>\n<link rel=\"canonical\" href=\"https:\/\/immobiliaruit.com\/de\/?page_id=9045\" \/>\n<meta property=\"og:locale\" content=\"de_DE\" \/>\n<meta property=\"og:type\" content=\"article\" \/>\n<meta property=\"og:title\" content=\"NSLimmobiliare%%-%%%Bewertungen\" \/>\n<meta property=\"og:description\" content=\"Ich m\u00f6chte mich bei NSLimmobiliare f\u00fcr ihre Professionalit\u00e4t, Aufmerksamkeit und Reaktionsf\u00e4higkeit bedanken.\" \/>\n<meta property=\"og:url\" content=\"https:\/\/immobiliaruit.com\/de\/?page_id=9045\" \/>\n<meta property=\"og:site_name\" content=\"NSLimmobiliare\" \/>\n<meta property=\"article:publisher\" content=\"https:\/\/www.facebook.com\/settings?tab=account&amp;amp%3bamp%3bamp%3bamp%3bamp%3bamp%3bamp%3bamp%3bamp%3bsection=username\" \/>\n<meta property=\"article:modified_time\" content=\"2023-05-05T09:03:15+00:00\" \/>\n<meta property=\"og:image\" content=\"https:\/\/immobiliaruit.com\/wp-content\/uploads\/2021\/05\/164077427_441078396978075_4502082727460111365_n-e1620244737881-225x300.jpg\" \/>\n<meta name=\"twitter:card\" content=\"summary_large_image\" \/>\n<meta name=\"twitter:site\" content=\"@NadezhdaLil\" \/>\n<meta name=\"twitter:label1\" content=\"Gesch\u00e4tzte Lesezeit\" \/>\n\t<meta name=\"twitter:data1\" content=\"1\u00a0Minute\" \/>\n<script type=\"application\/ld+json\" class=\"yoast-schema-graph\">{\"@context\":\"https:\\\/\\\/schema.org\",\"@graph\":[{\"@type\":\"WebPage\",\"@id\":\"https:\\\/\\\/immobiliaruit.com\\\/de\\\/?page_id=9045\",\"url\":\"https:\\\/\\\/immobiliaruit.com\\\/de\\\/?page_id=9045\",\"name\":\"NSLimmobiliare%%-%%%Bewertungen\",\"isPartOf\":{\"@id\":\"https:\\\/\\\/immobiliaruit.com\\\/#website\"},\"primaryImageOfPage\":{\"@id\":\"https:\\\/\\\/immobiliaruit.com\\\/de\\\/?page_id=9045#primaryimage\"},\"image\":{\"@id\":\"https:\\\/\\\/immobiliaruit.com\\\/de\\\/?page_id=9045#primaryimage\"},\"thumbnailUrl\":\"https:\\\/\\\/immobiliaruit.com\\\/wp-content\\\/uploads\\\/2021\\\/05\\\/164077427_441078396978075_4502082727460111365_n-e1620244737881-225x300.jpg\",\"datePublished\":\"2020-10-31T16:03:58+00:00\",\"dateModified\":\"2023-05-05T09:03:15+00:00\",\"description\":\"Ich m\u00f6chte mich bei NSLimmobiliare f\u00fcr ihre Professionalit\u00e4t, Aufmerksamkeit und Reaktionsf\u00e4higkeit bedanken.\",\"breadcrumb\":{\"@id\":\"https:\\\/\\\/immobiliaruit.com\\\/de\\\/?page_id=9045#breadcrumb\"},\"inLanguage\":\"de\",\"potentialAction\":[{\"@type\":\"ReadAction\",\"target\":[\"https:\\\/\\\/immobiliaruit.com\\\/de\\\/?page_id=9045\"]}]},{\"@type\":\"ImageObject\",\"inLanguage\":\"de\",\"@id\":\"https:\\\/\\\/immobiliaruit.com\\\/de\\\/?page_id=9045#primaryimage\",\"url\":\"https:\\\/\\\/immobiliaruit.com\\\/wp-content\\\/uploads\\\/2021\\\/05\\\/164077427_441078396978075_4502082727460111365_n-e1620244737881-225x300.jpg\",\"contentUrl\":\"https:\\\/\\\/immobiliaruit.com\\\/wp-content\\\/uploads\\\/2021\\\/05\\\/164077427_441078396978075_4502082727460111365_n-e1620244737881-225x300.jpg\"},{\"@type\":\"BreadcrumbList\",\"@id\":\"https:\\\/\\\/immobiliaruit.com\\\/de\\\/?page_id=9045#breadcrumb\",\"itemListElement\":[{\"@type\":\"ListItem\",\"position\":1,\"name\":\"\u0413\u043b\u0430\u0432\u043d\u0430\u044f\",\"item\":\"https:\\\/\\\/immobiliaruit.com\\\/de\\\/\"},{\"@type\":\"ListItem\",\"position\":2,\"name\":\"Bewertungen\"}]},{\"@type\":\"WebSite\",\"@id\":\"https:\\\/\\\/immobiliaruit.com\\\/#website\",\"url\":\"https:\\\/\\\/immobiliaruit.com\\\/\",\"name\":\"NSLimmobiliare\",\"description\":\"REAL ESTATE AGENCY\",\"publisher\":{\"@id\":\"https:\\\/\\\/immobiliaruit.com\\\/#organization\"},\"potentialAction\":[{\"@type\":\"SearchAction\",\"target\":{\"@type\":\"EntryPoint\",\"urlTemplate\":\"https:\\\/\\\/immobiliaruit.com\\\/?s={search_term_string}\"},\"query-input\":{\"@type\":\"PropertyValueSpecification\",\"valueRequired\":true,\"valueName\":\"search_term_string\"}}],\"inLanguage\":\"de\"},{\"@type\":\"Organization\",\"@id\":\"https:\\\/\\\/immobiliaruit.com\\\/#organization\",\"name\":\"NSLimmobiliare\",\"url\":\"https:\\\/\\\/immobiliaruit.com\\\/\",\"logo\":{\"@type\":\"ImageObject\",\"inLanguage\":\"de\",\"@id\":\"https:\\\/\\\/immobiliaruit.com\\\/#\\\/schema\\\/logo\\\/image\\\/\",\"url\":\"https:\\\/\\\/immobiliaruit.com\\\/wp-content\\\/uploads\\\/2020\\\/10\\\/Logo-menu-1.png\",\"contentUrl\":\"https:\\\/\\\/immobiliaruit.com\\\/wp-content\\\/uploads\\\/2020\\\/10\\\/Logo-menu-1.png\",\"width\":140,\"height\":140,\"caption\":\"NSLimmobiliare\"},\"image\":{\"@id\":\"https:\\\/\\\/immobiliaruit.com\\\/#\\\/schema\\\/logo\\\/image\\\/\"},\"sameAs\":[\"https:\\\/\\\/www.facebook.com\\\/settings?tab=account&amp;amp;amp;amp;amp;amp;amp;amp;amp;section=username\",\"https:\\\/\\\/x.com\\\/NadezhdaLil\",\"https:\\\/\\\/www.instagram.com\\\/salaris6145\\\/?hl=ru\",\"https:\\\/\\\/www.linkedin.com\\\/in\\\/nadezhda-s-42053951\\\/\"]}]}<\/script>\n<!-- \/ Yoast SEO plugin. -->","yoast_head_json":{"title":"NSLimmobiliare%%-%%%Bewertungen","description":"Ich m\u00f6chte mich bei NSLimmobiliare f\u00fcr ihre Professionalit\u00e4t, Aufmerksamkeit und Reaktionsf\u00e4higkeit bedanken.","robots":{"index":"index","follow":"follow","max-snippet":"max-snippet:-1","max-image-preview":"max-image-preview:large","max-video-preview":"max-video-preview:-1"},"canonical":"https:\/\/immobiliaruit.com\/de\/?page_id=9045","og_locale":"de_DE","og_type":"article","og_title":"NSLimmobiliare%%-%%%Bewertungen","og_description":"Ich m\u00f6chte mich bei NSLimmobiliare f\u00fcr ihre Professionalit\u00e4t, Aufmerksamkeit und Reaktionsf\u00e4higkeit bedanken.","og_url":"https:\/\/immobiliaruit.com\/de\/?page_id=9045","og_site_name":"NSLimmobiliare","article_publisher":"https:\/\/www.facebook.com\/settings?tab=account&amp%3bamp%3bamp%3bamp%3bamp%3bamp%3bamp%3bamp%3bamp%3bsection=username","article_modified_time":"2023-05-05T09:03:15+00:00","og_image":[{"url":"https:\/\/immobiliaruit.com\/wp-content\/uploads\/2021\/05\/164077427_441078396978075_4502082727460111365_n-e1620244737881-225x300.jpg","type":"","width":"","height":""}],"twitter_card":"summary_large_image","twitter_site":"@NadezhdaLil","twitter_misc":{"Gesch\u00e4tzte Lesezeit":"1\u00a0Minute"},"schema":{"@context":"https:\/\/schema.org","@graph":[{"@type":"WebPage","@id":"https:\/\/immobiliaruit.com\/de\/?page_id=9045","url":"https:\/\/immobiliaruit.com\/de\/?page_id=9045","name":"NSLimmobiliare%%-%%%Bewertungen","isPartOf":{"@id":"https:\/\/immobiliaruit.com\/#website"},"primaryImageOfPage":{"@id":"https:\/\/immobiliaruit.com\/de\/?page_id=9045#primaryimage"},"image":{"@id":"https:\/\/immobiliaruit.com\/de\/?page_id=9045#primaryimage"},"thumbnailUrl":"https:\/\/immobiliaruit.com\/wp-content\/uploads\/2021\/05\/164077427_441078396978075_4502082727460111365_n-e1620244737881-225x300.jpg","datePublished":"2020-10-31T16:03:58+00:00","dateModified":"2023-05-05T09:03:15+00:00","description":"Ich m\u00f6chte mich bei NSLimmobiliare f\u00fcr ihre Professionalit\u00e4t, Aufmerksamkeit und Reaktionsf\u00e4higkeit bedanken.","breadcrumb":{"@id":"https:\/\/immobiliaruit.com\/de\/?page_id=9045#breadcrumb"},"inLanguage":"de","potentialAction":[{"@type":"ReadAction","target":["https:\/\/immobiliaruit.com\/de\/?page_id=9045"]}]},{"@type":"ImageObject","inLanguage":"de","@id":"https:\/\/immobiliaruit.com\/de\/?page_id=9045#primaryimage","url":"https:\/\/immobiliaruit.com\/wp-content\/uploads\/2021\/05\/164077427_441078396978075_4502082727460111365_n-e1620244737881-225x300.jpg","contentUrl":"https:\/\/immobiliaruit.com\/wp-content\/uploads\/2021\/05\/164077427_441078396978075_4502082727460111365_n-e1620244737881-225x300.jpg"},{"@type":"BreadcrumbList","@id":"https:\/\/immobiliaruit.com\/de\/?page_id=9045#breadcrumb","itemListElement":[{"@type":"ListItem","position":1,"name":"\u0413\u043b\u0430\u0432\u043d\u0430\u044f","item":"https:\/\/immobiliaruit.com\/de\/"},{"@type":"ListItem","position":2,"name":"Bewertungen"}]},{"@type":"WebSite","@id":"https:\/\/immobiliaruit.com\/#website","url":"https:\/\/immobiliaruit.com\/","name":"NSLimmobiliare","description":"REAL ESTATE AGENCY","publisher":{"@id":"https:\/\/immobiliaruit.com\/#organization"},"potentialAction":[{"@type":"SearchAction","target":{"@type":"EntryPoint","urlTemplate":"https:\/\/immobiliaruit.com\/?s={search_term_string}"},"query-input":{"@type":"PropertyValueSpecification","valueRequired":true,"valueName":"search_term_string"}}],"inLanguage":"de"},{"@type":"Organization","@id":"https:\/\/immobiliaruit.com\/#organization","name":"NSLimmobiliare","url":"https:\/\/immobiliaruit.com\/","logo":{"@type":"ImageObject","inLanguage":"de","@id":"https:\/\/immobiliaruit.com\/#\/schema\/logo\/image\/","url":"https:\/\/immobiliaruit.com\/wp-content\/uploads\/2020\/10\/Logo-menu-1.png","contentUrl":"https:\/\/immobiliaruit.com\/wp-content\/uploads\/2020\/10\/Logo-menu-1.png","width":140,"height":140,"caption":"NSLimmobiliare"},"image":{"@id":"https:\/\/immobiliaruit.com\/#\/schema\/logo\/image\/"},"sameAs":["https:\/\/www.facebook.com\/settings?tab=account&amp;amp;amp;amp;amp;amp;amp;amp;amp;section=username","https:\/\/x.com\/NadezhdaLil","https:\/\/www.instagram.com\/salaris6145\/?hl=ru","https:\/\/www.linkedin.com\/in\/nadezhda-s-42053951\/"]}]}},"jetpack_likes_enabled":true,"jetpack_sharing_enabled":true,"jetpack_shortlink":"https:\/\/wp.me\/PbqRbI-2lT","amp_enabled":true,"_links":{"self":[{"href":"https:\/\/immobiliaruit.com\/de\/wp-json\/wp\/v2\/pages\/9045","targetHints":{"allow":["GET"]}}],"collection":[{"href":"https:\/\/immobiliaruit.com\/de\/wp-json\/wp\/v2\/pages"}],"about":[{"href":"https:\/\/immobiliaruit.com\/de\/wp-json\/wp\/v2\/types\/page"}],"author":[{"embeddable":true,"href":"https:\/\/immobiliaruit.com\/de\/wp-json\/wp\/v2\/users\/143901932"}],"replies":[{"embeddable":true,"href":"https:\/\/immobiliaruit.com\/de\/wp-json\/wp\/v2\/comments?post=9045"}],"version-history":[{"count":1,"href":"https:\/\/immobiliaruit.com\/de\/wp-json\/wp\/v2\/pages\/9045\/revisions"}],"predecessor-version":[{"id":9053,"href":"https:\/\/immobiliaruit.com\/de\/wp-json\/wp\/v2\/pages\/9045\/revisions\/9053"}],"wp:attachment":[{"href":"https:\/\/immobiliaruit.com\/de\/wp-json\/wp\/v2\/media?parent=9045"}],"curies":[{"name":"wp","href":"https:\/\/api.w.org\/{rel}","templated":true}]}}