{"id":9070,"date":"2020-11-02T20:28:12","date_gmt":"2020-11-02T19:28:12","guid":{"rendered":"https:\/\/immobiliaruit.com\/fragen-und-antworten\/"},"modified":"2023-05-06T14:11:57","modified_gmt":"2023-05-06T12:11:57","slug":"fragen-und-antworten","status":"publish","type":"page","link":"https:\/\/immobiliaruit.com\/de\/fragen-und-antworten\/","title":{"rendered":"Fragen und Antworten"},"content":{"rendered":"\n<p class=\"wp-block-paragraph\">Kann ich die Befreiung von der Grundsteuer beim Kauf einer Immobilie in Anspruch nehmen, wenn ich nicht die italienische Staatsb\u00fcrgerschaft habe? Ja, die Verg\u00fcnstigung gilt f\u00fcr Erstwohnsitzinhaber unabh\u00e4ngig von ihrer Staatsangeh\u00f6rigkeit.<\/p>\n\n<p class=\"wp-block-paragraph\">Wie kann ich mein Geld zur\u00fcckbekommen, wenn das Gesch\u00e4ft aus irgendeinem Grund nicht zustande kommt? Das Geld wird von der Bank automatisch zur\u00fcckerstattet, wenn der Notar den Kaufvertrag nicht innerhalb von drei Tagen nach dem F\u00e4lligkeitstermin vorgelegt hat.<\/p>\n\n<p class=\"wp-block-paragraph\">  Wie kann ich meine Kaution zur\u00fcckbekommen, wenn der Vermieter seine Meinung \u00fcber den Verkauf der Immobilie ge\u00e4ndert hat? Die Kaution wird bis zur Unterzeichnung des Kaufvertrags auf einem Depotkonto bei der Bank hinterlegt und automatisch zur\u00fcckerstattet, sobald die Bank eine Absage des Verk\u00e4ufers zum Verkauf der Immobilie erh\u00e4lt.<\/p>\n\n<p class=\"wp-block-paragraph\">Kann ich meine Anzahlung zur\u00fcckerhalten, wenn ich es mir anders \u00fcberlege, die Immobilie zu kaufen? Nein, die Kaution wird nicht zur\u00fcckerstattet, wenn Sie sich gegen den Kauf der Immobilie entscheiden, sie wird automatisch an den Verk\u00e4ufer \u00fcberwiesen, abz\u00fcglich der Kosten f\u00fcr die Agentur.<\/p>\n\n<p class=\"wp-block-paragraph\">Innerhalb welchen Zeitraums wird die Transaktion zugewiesen, ab dem Datum, an dem der Vorschuss auf dem Einlagenkonto der Bank eingeht? Das Datum der Transaktion wird im Einvernehmen der drei Parteien (Verk\u00e4ufer, K\u00e4ufer und Notar) festgelegt und im &#8222;Kaufangebot&#8220; vermerkt. Das Datum der Transaktion wird von den drei Parteien (dem Verk\u00e4ufer, dem K\u00e4ufer und dem Notar) vereinbart.<\/p>\n","protected":false},"excerpt":{"rendered":"<p>Kann ich die Befreiung von der Grundsteuer beim Kauf einer Immobilie in Anspruch nehmen, wenn ich nicht die italienische Staatsb\u00fcrgerschaft &hellip; <\/p>\n","protected":false},"author":143901932,"featured_media":7418,"parent":0,"menu_order":0,"comment_status":"closed","ping_status":"closed","template":"","meta":{"_coblocks_attr":"","_coblocks_dimensions":"","_coblocks_responsive_height":"","_coblocks_accordion_ie_support":"","_crdt_document":"","two_page_speed":[],"footnotes":""},"class_list":["post-9070","page","type-page","status-publish","has-post-thumbnail","hentry"],"yoast_head":"<!-- This site is optimized with the Yoast SEO plugin v27.6 - https:\/\/yoast.com\/product\/yoast-seo-wordpress\/ -->\n<title>Fragen und Antworten - NSLimmobiliare<\/title>\n<meta name=\"robots\" content=\"index, follow, max-snippet:-1, max-image-preview:large, max-video-preview:-1\" \/>\n<link rel=\"canonical\" href=\"https:\/\/immobiliaruit.com\/de\/fragen-und-antworten\/\" \/>\n<meta property=\"og:locale\" content=\"de_DE\" \/>\n<meta property=\"og:type\" content=\"article\" \/>\n<meta property=\"og:title\" content=\"Fragen und Antworten - NSLimmobiliare\" \/>\n<meta property=\"og:description\" content=\"Kann ich die Befreiung von der Grundsteuer beim Kauf einer Immobilie in Anspruch nehmen, wenn ich nicht die italienische Staatsb\u00fcrgerschaft &hellip;\" \/>\n<meta property=\"og:url\" content=\"https:\/\/immobiliaruit.com\/de\/fragen-und-antworten\/\" \/>\n<meta property=\"og:site_name\" content=\"NSLimmobiliare\" \/>\n<meta property=\"article:publisher\" content=\"https:\/\/www.facebook.com\/settings?tab=account&amp;amp%3bamp%3bamp%3bamp%3bamp%3bamp%3bamp%3bamp%3bamp%3bsection=username\" \/>\n<meta property=\"article:modified_time\" content=\"2023-05-06T12:11:57+00:00\" \/>\n<meta property=\"og:image\" content=\"https:\/\/immobiliaruit.com\/wp-content\/uploads\/2020\/11\/Frame-2.png\" \/>\n\t<meta property=\"og:image:width\" content=\"512\" \/>\n\t<meta property=\"og:image:height\" content=\"348\" \/>\n\t<meta property=\"og:image:type\" content=\"image\/png\" \/>\n<meta name=\"twitter:card\" content=\"summary_large_image\" \/>\n<meta name=\"twitter:site\" content=\"@NadezhdaLil\" \/>\n<script type=\"application\/ld+json\" class=\"yoast-schema-graph\">{\"@context\":\"https:\\\/\\\/schema.org\",\"@graph\":[{\"@type\":\"WebPage\",\"@id\":\"https:\\\/\\\/immobiliaruit.com\\\/de\\\/fragen-und-antworten\\\/\",\"url\":\"https:\\\/\\\/immobiliaruit.com\\\/de\\\/fragen-und-antworten\\\/\",\"name\":\"Fragen und Antworten - NSLimmobiliare\",\"isPartOf\":{\"@id\":\"https:\\\/\\\/immobiliaruit.com\\\/#website\"},\"primaryImageOfPage\":{\"@id\":\"https:\\\/\\\/immobiliaruit.com\\\/de\\\/fragen-und-antworten\\\/#primaryimage\"},\"image\":{\"@id\":\"https:\\\/\\\/immobiliaruit.com\\\/de\\\/fragen-und-antworten\\\/#primaryimage\"},\"thumbnailUrl\":\"https:\\\/\\\/immobiliaruit.com\\\/wp-content\\\/uploads\\\/2020\\\/11\\\/Frame-2.png\",\"datePublished\":\"2020-11-02T19:28:12+00:00\",\"dateModified\":\"2023-05-06T12:11:57+00:00\",\"breadcrumb\":{\"@id\":\"https:\\\/\\\/immobiliaruit.com\\\/de\\\/fragen-und-antworten\\\/#breadcrumb\"},\"inLanguage\":\"de\",\"potentialAction\":[{\"@type\":\"ReadAction\",\"target\":[\"https:\\\/\\\/immobiliaruit.com\\\/de\\\/fragen-und-antworten\\\/\"]}]},{\"@type\":\"ImageObject\",\"inLanguage\":\"de\",\"@id\":\"https:\\\/\\\/immobiliaruit.com\\\/de\\\/fragen-und-antworten\\\/#primaryimage\",\"url\":\"https:\\\/\\\/immobiliaruit.com\\\/wp-content\\\/uploads\\\/2020\\\/11\\\/Frame-2.png\",\"contentUrl\":\"https:\\\/\\\/immobiliaruit.com\\\/wp-content\\\/uploads\\\/2020\\\/11\\\/Frame-2.png\",\"width\":512,\"height\":348},{\"@type\":\"BreadcrumbList\",\"@id\":\"https:\\\/\\\/immobiliaruit.com\\\/de\\\/fragen-und-antworten\\\/#breadcrumb\",\"itemListElement\":[{\"@type\":\"ListItem\",\"position\":1,\"name\":\"\u0413\u043b\u0430\u0432\u043d\u0430\u044f\",\"item\":\"https:\\\/\\\/immobiliaruit.com\\\/de\\\/\"},{\"@type\":\"ListItem\",\"position\":2,\"name\":\"Fragen und Antworten\"}]},{\"@type\":\"WebSite\",\"@id\":\"https:\\\/\\\/immobiliaruit.com\\\/#website\",\"url\":\"https:\\\/\\\/immobiliaruit.com\\\/\",\"name\":\"NSLimmobiliare\",\"description\":\"REAL ESTATE AGENCY\",\"publisher\":{\"@id\":\"https:\\\/\\\/immobiliaruit.com\\\/#organization\"},\"potentialAction\":[{\"@type\":\"SearchAction\",\"target\":{\"@type\":\"EntryPoint\",\"urlTemplate\":\"https:\\\/\\\/immobiliaruit.com\\\/?s={search_term_string}\"},\"query-input\":{\"@type\":\"PropertyValueSpecification\",\"valueRequired\":true,\"valueName\":\"search_term_string\"}}],\"inLanguage\":\"de\"},{\"@type\":\"Organization\",\"@id\":\"https:\\\/\\\/immobiliaruit.com\\\/#organization\",\"name\":\"NSLimmobiliare\",\"url\":\"https:\\\/\\\/immobiliaruit.com\\\/\",\"logo\":{\"@type\":\"ImageObject\",\"inLanguage\":\"de\",\"@id\":\"https:\\\/\\\/immobiliaruit.com\\\/#\\\/schema\\\/logo\\\/image\\\/\",\"url\":\"https:\\\/\\\/immobiliaruit.com\\\/wp-content\\\/uploads\\\/2020\\\/10\\\/Logo-menu-1.png\",\"contentUrl\":\"https:\\\/\\\/immobiliaruit.com\\\/wp-content\\\/uploads\\\/2020\\\/10\\\/Logo-menu-1.png\",\"width\":140,\"height\":140,\"caption\":\"NSLimmobiliare\"},\"image\":{\"@id\":\"https:\\\/\\\/immobiliaruit.com\\\/#\\\/schema\\\/logo\\\/image\\\/\"},\"sameAs\":[\"https:\\\/\\\/www.facebook.com\\\/settings?tab=account&amp;amp;amp;amp;amp;amp;amp;amp;amp;section=username\",\"https:\\\/\\\/x.com\\\/NadezhdaLil\",\"https:\\\/\\\/www.instagram.com\\\/salaris6145\\\/?hl=ru\",\"https:\\\/\\\/www.linkedin.com\\\/in\\\/nadezhda-s-42053951\\\/\"]}]}<\/script>\n<!-- \/ Yoast SEO plugin. -->","yoast_head_json":{"title":"Fragen und Antworten - NSLimmobiliare","robots":{"index":"index","follow":"follow","max-snippet":"max-snippet:-1","max-image-preview":"max-image-preview:large","max-video-preview":"max-video-preview:-1"},"canonical":"https:\/\/immobiliaruit.com\/de\/fragen-und-antworten\/","og_locale":"de_DE","og_type":"article","og_title":"Fragen und Antworten - NSLimmobiliare","og_description":"Kann ich die Befreiung von der Grundsteuer beim Kauf einer Immobilie in Anspruch nehmen, wenn ich nicht die italienische Staatsb\u00fcrgerschaft &hellip;","og_url":"https:\/\/immobiliaruit.com\/de\/fragen-und-antworten\/","og_site_name":"NSLimmobiliare","article_publisher":"https:\/\/www.facebook.com\/settings?tab=account&amp%3bamp%3bamp%3bamp%3bamp%3bamp%3bamp%3bamp%3bamp%3bsection=username","article_modified_time":"2023-05-06T12:11:57+00:00","og_image":[{"width":512,"height":348,"url":"https:\/\/immobiliaruit.com\/wp-content\/uploads\/2020\/11\/Frame-2.png","type":"image\/png"}],"twitter_card":"summary_large_image","twitter_site":"@NadezhdaLil","schema":{"@context":"https:\/\/schema.org","@graph":[{"@type":"WebPage","@id":"https:\/\/immobiliaruit.com\/de\/fragen-und-antworten\/","url":"https:\/\/immobiliaruit.com\/de\/fragen-und-antworten\/","name":"Fragen und Antworten - NSLimmobiliare","isPartOf":{"@id":"https:\/\/immobiliaruit.com\/#website"},"primaryImageOfPage":{"@id":"https:\/\/immobiliaruit.com\/de\/fragen-und-antworten\/#primaryimage"},"image":{"@id":"https:\/\/immobiliaruit.com\/de\/fragen-und-antworten\/#primaryimage"},"thumbnailUrl":"https:\/\/immobiliaruit.com\/wp-content\/uploads\/2020\/11\/Frame-2.png","datePublished":"2020-11-02T19:28:12+00:00","dateModified":"2023-05-06T12:11:57+00:00","breadcrumb":{"@id":"https:\/\/immobiliaruit.com\/de\/fragen-und-antworten\/#breadcrumb"},"inLanguage":"de","potentialAction":[{"@type":"ReadAction","target":["https:\/\/immobiliaruit.com\/de\/fragen-und-antworten\/"]}]},{"@type":"ImageObject","inLanguage":"de","@id":"https:\/\/immobiliaruit.com\/de\/fragen-und-antworten\/#primaryimage","url":"https:\/\/immobiliaruit.com\/wp-content\/uploads\/2020\/11\/Frame-2.png","contentUrl":"https:\/\/immobiliaruit.com\/wp-content\/uploads\/2020\/11\/Frame-2.png","width":512,"height":348},{"@type":"BreadcrumbList","@id":"https:\/\/immobiliaruit.com\/de\/fragen-und-antworten\/#breadcrumb","itemListElement":[{"@type":"ListItem","position":1,"name":"\u0413\u043b\u0430\u0432\u043d\u0430\u044f","item":"https:\/\/immobiliaruit.com\/de\/"},{"@type":"ListItem","position":2,"name":"Fragen und Antworten"}]},{"@type":"WebSite","@id":"https:\/\/immobiliaruit.com\/#website","url":"https:\/\/immobiliaruit.com\/","name":"NSLimmobiliare","description":"REAL ESTATE AGENCY","publisher":{"@id":"https:\/\/immobiliaruit.com\/#organization"},"potentialAction":[{"@type":"SearchAction","target":{"@type":"EntryPoint","urlTemplate":"https:\/\/immobiliaruit.com\/?s={search_term_string}"},"query-input":{"@type":"PropertyValueSpecification","valueRequired":true,"valueName":"search_term_string"}}],"inLanguage":"de"},{"@type":"Organization","@id":"https:\/\/immobiliaruit.com\/#organization","name":"NSLimmobiliare","url":"https:\/\/immobiliaruit.com\/","logo":{"@type":"ImageObject","inLanguage":"de","@id":"https:\/\/immobiliaruit.com\/#\/schema\/logo\/image\/","url":"https:\/\/immobiliaruit.com\/wp-content\/uploads\/2020\/10\/Logo-menu-1.png","contentUrl":"https:\/\/immobiliaruit.com\/wp-content\/uploads\/2020\/10\/Logo-menu-1.png","width":140,"height":140,"caption":"NSLimmobiliare"},"image":{"@id":"https:\/\/immobiliaruit.com\/#\/schema\/logo\/image\/"},"sameAs":["https:\/\/www.facebook.com\/settings?tab=account&amp;amp;amp;amp;amp;amp;amp;amp;amp;section=username","https:\/\/x.com\/NadezhdaLil","https:\/\/www.instagram.com\/salaris6145\/?hl=ru","https:\/\/www.linkedin.com\/in\/nadezhda-s-42053951\/"]}]}},"jetpack_likes_enabled":true,"jetpack_sharing_enabled":true,"jetpack_shortlink":"https:\/\/wp.me\/PbqRbI-2mi","amp_enabled":true,"_links":{"self":[{"href":"https:\/\/immobiliaruit.com\/de\/wp-json\/wp\/v2\/pages\/9070","targetHints":{"allow":["GET"]}}],"collection":[{"href":"https:\/\/immobiliaruit.com\/de\/wp-json\/wp\/v2\/pages"}],"about":[{"href":"https:\/\/immobiliaruit.com\/de\/wp-json\/wp\/v2\/types\/page"}],"author":[{"embeddable":true,"href":"https:\/\/immobiliaruit.com\/de\/wp-json\/wp\/v2\/users\/143901932"}],"replies":[{"embeddable":true,"href":"https:\/\/immobiliaruit.com\/de\/wp-json\/wp\/v2\/comments?post=9070"}],"version-history":[{"count":2,"href":"https:\/\/immobiliaruit.com\/de\/wp-json\/wp\/v2\/pages\/9070\/revisions"}],"predecessor-version":[{"id":9511,"href":"https:\/\/immobiliaruit.com\/de\/wp-json\/wp\/v2\/pages\/9070\/revisions\/9511"}],"wp:featuredmedia":[{"embeddable":true,"href":"https:\/\/immobiliaruit.com\/de\/wp-json\/wp\/v2\/media\/7418"}],"wp:attachment":[{"href":"https:\/\/immobiliaruit.com\/de\/wp-json\/wp\/v2\/media?parent=9070"}],"curies":[{"name":"wp","href":"https:\/\/api.w.org\/{rel}","templated":true}]}}